{"id":3121,"date":"2024-04-01T21:40:37","date_gmt":"2024-04-01T18:40:37","guid":{"rendered":"https:\/\/www.mutfakdostlari.org.tr\/en\/?page_id=3121"},"modified":"2024-06-02T14:30:57","modified_gmt":"2024-06-02T11:30:57","slug":"general-assembly-call","status":"publish","type":"page","link":"https:\/\/www.mutfakdostlari.org.tr\/en\/announcements\/general-assembly-call\/","title":{"rendered":"General Assembly Call"},"content":{"rendered":"\t\t<div data-elementor-type=\"wp-page\" data-elementor-id=\"3121\" class=\"elementor elementor-3121\">\n\t\t\t\t\t\t<section class=\"elementor-section elementor-top-section elementor-element elementor-element-957c334 elementor-section-boxed elementor-section-height-default elementor-section-height-default parallax_section_no qode_elementor_container_no\" data-id=\"957c334\" data-element_type=\"section\">\n\t\t\t\t\t\t<div class=\"elementor-container elementor-column-gap-default\">\n\t\t\t\t\t<div class=\"elementor-column elementor-col-100 elementor-top-column elementor-element elementor-element-163caa6\" data-id=\"163caa6\" data-element_type=\"column\">\n\t\t\t<div class=\"elementor-widget-wrap elementor-element-populated\">\n\t\t\t\t\t\t<div class=\"elementor-element elementor-element-5727d44 elementor-widget elementor-widget-bridge_latest_posts_two\" data-id=\"5727d44\" data-element_type=\"widget\" data-widget_type=\"bridge_latest_posts_two.default\">\n\t\t\t\t<div class=\"elementor-widget-container\">\n\t\t\t\t\t<div class='latest_post_two_holder three_columns'><ul><\/ul><\/div>\t\t\t\t<\/div>\n\t\t\t\t<\/div>\n\t\t\t\t\t<\/div>\n\t\t<\/div>\n\t\t\t\t\t<\/div>\n\t\t<\/section>\n\t\t\t\t<section class=\"elementor-section elementor-top-section elementor-element elementor-element-0b5e87b elementor-section-boxed elementor-section-height-default elementor-section-height-default parallax_section_no qode_elementor_container_no\" data-id=\"0b5e87b\" data-element_type=\"section\">\n\t\t\t\t\t\t<div class=\"elementor-container elementor-column-gap-default\">\n\t\t\t\t\t<div class=\"elementor-column elementor-col-100 elementor-top-column elementor-element elementor-element-39ba282\" data-id=\"39ba282\" data-element_type=\"column\">\n\t\t\t<div class=\"elementor-widget-wrap elementor-element-populated\">\n\t\t\t\t\t\t<div class=\"elementor-element elementor-element-a73a045 elementor-widget elementor-widget-bridge_latest_posts_two\" data-id=\"a73a045\" data-element_type=\"widget\" data-widget_type=\"bridge_latest_posts_two.default\">\n\t\t\t\t<div class=\"elementor-widget-container\">\n\t\t\t\t\t<div class='latest_post_two_holder one_column'><ul><li class=\"clearfix\"><div class=\"latest_post_two_image\"><a itemprop=\"url\" href=\"https:\/\/www.mutfakdostlari.org.tr\/en\/announcements\/the-18th-general-assembly\/\"><\/a><\/div><div class=\"latest_post_two_inner\" ><div class=\"latest_post_two_text\"><h5 itemprop=\"name\" class=\"latest_post_two_title entry_title\"><a itemprop=\"url\" href=\"https:\/\/www.mutfakdostlari.org.tr\/en\/announcements\/the-18th-general-assembly\/\" >The 18th General Assembly<\/a><\/h5><div class=\"separator small left \" ><\/div><p itemprop=\"description\" class=\"latest_post_two_excerpt\" >The 18th General Assembly of our Association for the 2022-2023 Period will be held on Sunday, January 14, 2024 at 15.00 at Swissotel The Bosphorus Vi\u015fnezade Mah. Ac\u0131su Sk. It will be held at No.19 Ma\u00e7ka-Be\u015fikta\u015f\/\u0130stanbul. If the majority is not reached, it will be held on Sunday, January 21, 2024, at the same place, at the same time. The full address is stated above and added to the agenda. Since a 51% majority is usually not achieved in our first meeting, we specifically request our members to <\/p><\/div><div class=\"latest_post_two_info\" ><div class=\"latest_post_two_info_inner\" ><div class=\"post_info_author\"><img alt='Author Image' src='https:\/\/secure.gravatar.com\/avatar\/688c823ff9bf6bcfd0ec503180cd9dec04acce1d28aa26e34ba33f960ce1854b?s=30&#038;d=mm&#038;r=g' srcset='https:\/\/secure.gravatar.com\/avatar\/688c823ff9bf6bcfd0ec503180cd9dec04acce1d28aa26e34ba33f960ce1854b?s=60&#038;d=mm&#038;r=g 2x' class='avatar avatar-30 photo' height='30' width='30' \/><span class=\"post_info_author_name\">mdd-user-admin<\/span><\/div><div itemprop=\"dateCreated\" class=\"post_info_date entry_date updated\">14 January, 2024<meta itemprop=\"interactionCount\" content=\"UserComments: <?php echo get_comments_number(qode_get_page_id()); ?>\"\/><\/div><\/div><\/div><\/div><\/li><\/ul><\/div>\t\t\t\t<\/div>\n\t\t\t\t<\/div>\n\t\t\t\t\t<\/div>\n\t\t<\/div>\n\t\t\t\t\t<\/div>\n\t\t<\/section>\n\t\t\t\t<\/div>\n\t\t","protected":false},"excerpt":{"rendered":"<p>The 18th General Assembly The 18th General Assembly of our Association for the 2022-2023 Period will be held on Sunday, January 14, 2024 at 15.00 at Swissotel The Bosphorus Vi\u015fnezade Mah. Ac\u0131su Sk. It will be held at No.19 Ma\u00e7ka-Be\u015fikta\u015f\/\u0130stanbul. If the majority is not reached, it will be held on Sunday, January 21, 2024, at the same place, at the same time. The full address is stated above and added to the agenda. Since a 51% majority is usually not achieved in our first meeting, we specifically request our members to mdd-user-admin14 January, 2024<\/p>\n","protected":false},"author":1,"featured_media":0,"parent":3110,"menu_order":0,"comment_status":"closed","ping_status":"closed","template":"","meta":{"footnotes":""},"class_list":["post-3121","page","type-page","status-publish","hentry"],"_links":{"self":[{"href":"https:\/\/www.mutfakdostlari.org.tr\/en\/wp-json\/wp\/v2\/pages\/3121","targetHints":{"allow":["GET"]}}],"collection":[{"href":"https:\/\/www.mutfakdostlari.org.tr\/en\/wp-json\/wp\/v2\/pages"}],"about":[{"href":"https:\/\/www.mutfakdostlari.org.tr\/en\/wp-json\/wp\/v2\/types\/page"}],"author":[{"embeddable":true,"href":"https:\/\/www.mutfakdostlari.org.tr\/en\/wp-json\/wp\/v2\/users\/1"}],"replies":[{"embeddable":true,"href":"https:\/\/www.mutfakdostlari.org.tr\/en\/wp-json\/wp\/v2\/comments?post=3121"}],"version-history":[{"count":4,"href":"https:\/\/www.mutfakdostlari.org.tr\/en\/wp-json\/wp\/v2\/pages\/3121\/revisions"}],"predecessor-version":[{"id":3607,"href":"https:\/\/www.mutfakdostlari.org.tr\/en\/wp-json\/wp\/v2\/pages\/3121\/revisions\/3607"}],"up":[{"embeddable":true,"href":"https:\/\/www.mutfakdostlari.org.tr\/en\/wp-json\/wp\/v2\/pages\/3110"}],"wp:attachment":[{"href":"https:\/\/www.mutfakdostlari.org.tr\/en\/wp-json\/wp\/v2\/media?parent=3121"}],"curies":[{"name":"wp","href":"https:\/\/api.w.org\/{rel}","templated":true}]}}