{"id":3040,"date":"2024-04-01T16:28:30","date_gmt":"2024-04-01T13:28:30","guid":{"rendered":"https:\/\/www.mutfakdostlari.org.tr\/en\/?page_id=3040"},"modified":"2024-05-23T21:24:30","modified_gmt":"2024-05-23T18:24:30","slug":"inventory-of-anatolian-tastes","status":"publish","type":"page","link":"https:\/\/www.mutfakdostlari.org.tr\/en\/projects\/inventory-of-anatolian-tastes\/","title":{"rendered":"Inventory of Anatolian Tastes"},"content":{"rendered":"\t\t<div data-elementor-type=\"wp-page\" data-elementor-id=\"3040\" class=\"elementor elementor-3040\">\n\t\t\t\t\t\t<section class=\"elementor-section elementor-top-section elementor-element elementor-element-bd8beab elementor-section-boxed elementor-section-height-default elementor-section-height-default parallax_section_no qode_elementor_container_no\" data-id=\"bd8beab\" data-element_type=\"section\">\n\t\t\t\t\t\t<div class=\"elementor-container elementor-column-gap-default\">\n\t\t\t\t\t<div class=\"elementor-column elementor-col-100 elementor-top-column elementor-element elementor-element-0de21dd\" data-id=\"0de21dd\" data-element_type=\"column\">\n\t\t\t<div class=\"elementor-widget-wrap\">\n\t\t\t\t\t\t\t<\/div>\n\t\t<\/div>\n\t\t\t\t\t<\/div>\n\t\t<\/section>\n\t\t\t\t<section class=\"elementor-section elementor-top-section elementor-element elementor-element-6beb07a elementor-section-boxed elementor-section-height-default elementor-section-height-default parallax_section_no qode_elementor_container_no\" data-id=\"6beb07a\" data-element_type=\"section\">\n\t\t\t\t\t\t<div class=\"elementor-container elementor-column-gap-default\">\n\t\t\t\t\t<div class=\"elementor-column elementor-col-100 elementor-top-column elementor-element elementor-element-04bce0f\" data-id=\"04bce0f\" data-element_type=\"column\">\n\t\t\t<div class=\"elementor-widget-wrap elementor-element-populated\">\n\t\t\t\t\t\t<div class=\"elementor-element elementor-element-ff7a5f2 elementor-widget elementor-widget-heading\" data-id=\"ff7a5f2\" data-element_type=\"widget\" data-widget_type=\"heading.default\">\n\t\t\t\t<div class=\"elementor-widget-container\">\n\t\t\t\t\t<h2 class=\"elementor-heading-title elementor-size-default\">INVENTORY OF ANATOLIAN TASTES<\/h2>\t\t\t\t<\/div>\n\t\t\t\t<\/div>\n\t\t\t\t<div class=\"elementor-element elementor-element-474a937 elementor-widget elementor-widget-heading\" data-id=\"474a937\" data-element_type=\"widget\" data-widget_type=\"heading.default\">\n\t\t\t\t<div class=\"elementor-widget-container\">\n\t\t\t\t\t<h3 class=\"elementor-heading-title elementor-size-default\">ANADOLU LEZZET ENVANTER\u0130<\/h3>\t\t\t\t<\/div>\n\t\t\t\t<\/div>\n\t\t\t\t\t<\/div>\n\t\t<\/div>\n\t\t\t\t\t<\/div>\n\t\t<\/section>\n\t\t\t\t<section class=\"elementor-section elementor-top-section elementor-element elementor-element-f44718b elementor-section-content-middle elementor-section-boxed elementor-section-height-default elementor-section-height-default parallax_section_no qode_elementor_container_no\" data-id=\"f44718b\" data-element_type=\"section\">\n\t\t\t\t\t\t<div class=\"elementor-container elementor-column-gap-default\">\n\t\t\t\t\t<div class=\"elementor-column elementor-col-33 elementor-top-column elementor-element elementor-element-6b90f6e\" data-id=\"6b90f6e\" data-element_type=\"column\">\n\t\t\t<div class=\"elementor-widget-wrap elementor-element-populated\">\n\t\t\t\t\t\t<div class=\"elementor-element elementor-element-3cf6a94 elementor-widget elementor-widget-image\" data-id=\"3cf6a94\" data-element_type=\"widget\" data-widget_type=\"image.default\">\n\t\t\t\t<div class=\"elementor-widget-container\">\n\t\t\t\t\t\t\t\t\t\t\t\t\t\t\t<img fetchpriority=\"high\" decoding=\"async\" width=\"300\" height=\"294\" src=\"https:\/\/www.mutfakdostlari.org.tr\/wp-content\/uploads\/2023\/06\/Anadolu-lezzet-envanteri-ALE-logo-300x294.png\" class=\"attachment-medium size-medium wp-image-1763\" alt=\"Anadolu Lezzet Envanteri\" srcset=\"https:\/\/www.mutfakdostlari.org.tr\/wp-content\/uploads\/2023\/06\/Anadolu-lezzet-envanteri-ALE-logo-300x294.png 300w, https:\/\/www.mutfakdostlari.org.tr\/wp-content\/uploads\/2023\/06\/Anadolu-lezzet-envanteri-ALE-logo-700x687.png 700w, https:\/\/www.mutfakdostlari.org.tr\/wp-content\/uploads\/2023\/06\/Anadolu-lezzet-envanteri-ALE-logo.png 728w\" sizes=\"(max-width: 300px) 100vw, 300px\" \/>\t\t\t\t\t\t\t\t\t\t\t\t\t\t\t<\/div>\n\t\t\t\t<\/div>\n\t\t\t\t\t<\/div>\n\t\t<\/div>\n\t\t\t\t<div class=\"elementor-column elementor-col-66 elementor-top-column elementor-element elementor-element-707f844\" data-id=\"707f844\" data-element_type=\"column\">\n\t\t\t<div class=\"elementor-widget-wrap elementor-element-populated\">\n\t\t\t\t\t\t<div class=\"elementor-element elementor-element-e5cb175 elementor-widget elementor-widget-text-editor\" data-id=\"e5cb175\" data-element_type=\"widget\" data-widget_type=\"text-editor.default\">\n\t\t\t\t<div class=\"elementor-widget-container\">\n\t\t\t\t\t\t\t\t\t<p>Following the conclusion of the ESSEDRA project, an initiative of the European Union in which we participated as T\u00fcrkiye&#8217;s partner, efforts to preserve local food heritage, support small producers, and record unique products of our country with distinct characteristics such as geographical and production methods continued with the Anatolian Tastes Inventory initiated by our association as a continuation of ESSEDRA. Within the scope of ALE, a total of 71 products from all over T\u00fcrkiye, from Izmir&#8217;s Karaba\u015f Herb Jam to Konya&#8217;s Bey\u015fehir Tarhana, have been meticulously studied and recorded with all details.<\/p><p>\u00a0<\/p><p>To view the ALE brochure, you can click on the link below;<\/p>\t\t\t\t\t\t\t\t<\/div>\n\t\t\t\t<\/div>\n\t\t\t\t\t<\/div>\n\t\t<\/div>\n\t\t\t\t\t<\/div>\n\t\t<\/section>\n\t\t\t\t<section class=\"elementor-section elementor-top-section elementor-element elementor-element-29d0761 elementor-section-height-min-height elementor-section-boxed elementor-section-height-default elementor-section-items-middle parallax_section_no qode_elementor_container_no\" data-id=\"29d0761\" data-element_type=\"section\">\n\t\t\t\t\t\t<div class=\"elementor-container elementor-column-gap-default\">\n\t\t\t\t\t<div class=\"elementor-column elementor-col-100 elementor-top-column elementor-element elementor-element-a3620a9\" data-id=\"a3620a9\" data-element_type=\"column\">\n\t\t\t<div class=\"elementor-widget-wrap elementor-element-populated\">\n\t\t\t\t\t\t<div class=\"elementor-element elementor-element-b3f4fc7 elementor-widget elementor-widget-qi_addons_for_elementor_call_to_action\" data-id=\"b3f4fc7\" data-element_type=\"widget\" data-settings=\"{&quot;_animation&quot;:&quot;none&quot;}\" data-widget_type=\"qi_addons_for_elementor_call_to_action.default\">\n\t\t\t\t<div class=\"elementor-widget-container\">\n\t\t\t\t\t<div class=\"qodef-shortcode qodef-m qodef-qi-call-to-action qodef-layout--standard\">\n\t<div class=\"qodef-m-inner\">\n\t\t<div class=\"qodef-m-content\">\n\t\t<\/div>\n\t\t\t<div class=\"qodef-m-button\">\n\t\t<a class=\"qodef-shortcode qodef-m qodef-qi-button qodef-html--link qodef-layout--filled qodef-type--standard qodef-icon--right qodef-hover--icon-move-horizontal-short\" href=\"\/wp-content\/uploads\/2023\/06\/ALE-brosuru.pdf\" target=\"_blank\">\t<span class=\"qodef-m-text\">BROCHURE OF ALE<\/span>\t\t<span class=\"qodef-m-icon\">\t\t<span class=\"qodef-m-icon-inner\">\t\t\t<i aria-hidden=\"true\" class=\"fas fa-file-pdf\"><\/i>\t\t\t\t\t<\/span>\t<\/span><\/a>\t<\/div>\n\t\t\t<\/div>\n<\/div>\n\t\t\t\t<\/div>\n\t\t\t\t<\/div>\n\t\t\t\t\t<\/div>\n\t\t<\/div>\n\t\t\t\t\t<\/div>\n\t\t<\/section>\n\t\t\t\t<section class=\"elementor-section elementor-top-section elementor-element elementor-element-9eece02 elementor-section-boxed elementor-section-height-default elementor-section-height-default parallax_section_no qode_elementor_container_no\" data-id=\"9eece02\" data-element_type=\"section\">\n\t\t\t\t\t\t<div class=\"elementor-container elementor-column-gap-default\">\n\t\t\t\t\t<div class=\"elementor-column elementor-col-100 elementor-top-column elementor-element elementor-element-2a765d1\" data-id=\"2a765d1\" data-element_type=\"column\">\n\t\t\t<div class=\"elementor-widget-wrap elementor-element-populated\">\n\t\t\t\t\t\t<div class=\"elementor-element elementor-element-a2ca062 elementor-widget elementor-widget-heading\" data-id=\"a2ca062\" data-element_type=\"widget\" data-widget_type=\"heading.default\">\n\t\t\t\t<div class=\"elementor-widget-container\">\n\t\t\t\t\t<h4 class=\"elementor-heading-title elementor-size-default\">Follow us<\/h4>\t\t\t\t<\/div>\n\t\t\t\t<\/div>\n\t\t\t\t<div class=\"elementor-element elementor-element-9b05e42 elementor-align-center elementor-widget elementor-widget-button\" data-id=\"9b05e42\" data-element_type=\"widget\" data-widget_type=\"button.default\">\n\t\t\t\t<div class=\"elementor-widget-container\">\n\t\t\t\t\t\t\t\t\t<div class=\"elementor-button-wrapper\">\n\t\t\t\t\t<a class=\"elementor-button elementor-button-link elementor-size-md\" href=\"https:\/\/www.instagram.com\/anadolulezzetenvanteri\/\" target=\"_blank\">\n\t\t\t\t\t\t<span class=\"elementor-button-content-wrapper\">\n\t\t\t\t\t\t<span class=\"elementor-button-icon\">\n\t\t\t\t<i aria-hidden=\"true\" class=\"fab fa-instagram\"><\/i>\t\t\t<\/span>\n\t\t\t\t\t\t\t\t\t<span class=\"elementor-button-text\">Anadolu Lezzet Envanteri<\/span>\n\t\t\t\t\t<\/span>\n\t\t\t\t\t<\/a>\n\t\t\t\t<\/div>\n\t\t\t\t\t\t\t\t<\/div>\n\t\t\t\t<\/div>\n\t\t\t\t\t<\/div>\n\t\t<\/div>\n\t\t\t\t\t<\/div>\n\t\t<\/section>\n\t\t\t\t<\/div>\n\t\t","protected":false},"excerpt":{"rendered":"<p>INVENTORY OF ANATOLIAN TASTES ANADOLU LEZZET ENVANTER\u0130 Following the conclusion of the ESSEDRA project, an initiative of the European Union in which we participated as T\u00fcrkiye&#8217;s partner, efforts to preserve local food heritage, support small producers, and record unique products of our country with distinct characteristics such as geographical and production methods continued with the Anatolian Tastes Inventory initiated by our association as a continuation of ESSEDRA. Within the scope of ALE, a total of 71 products from all over T\u00fcrkiye, from Izmir&#8217;s Karaba\u015f Herb Jam to Konya&#8217;s Bey\u015fehir Tarhana, have been meticulously studied and recorded with all details&#8230;.<\/p>\n","protected":false},"author":1,"featured_media":0,"parent":3076,"menu_order":1,"comment_status":"closed","ping_status":"closed","template":"","meta":{"footnotes":""},"class_list":["post-3040","page","type-page","status-publish","hentry"],"_links":{"self":[{"href":"https:\/\/www.mutfakdostlari.org.tr\/en\/wp-json\/wp\/v2\/pages\/3040","targetHints":{"allow":["GET"]}}],"collection":[{"href":"https:\/\/www.mutfakdostlari.org.tr\/en\/wp-json\/wp\/v2\/pages"}],"about":[{"href":"https:\/\/www.mutfakdostlari.org.tr\/en\/wp-json\/wp\/v2\/types\/page"}],"author":[{"embeddable":true,"href":"https:\/\/www.mutfakdostlari.org.tr\/en\/wp-json\/wp\/v2\/users\/1"}],"replies":[{"embeddable":true,"href":"https:\/\/www.mutfakdostlari.org.tr\/en\/wp-json\/wp\/v2\/comments?post=3040"}],"version-history":[{"count":13,"href":"https:\/\/www.mutfakdostlari.org.tr\/en\/wp-json\/wp\/v2\/pages\/3040\/revisions"}],"predecessor-version":[{"id":3808,"href":"https:\/\/www.mutfakdostlari.org.tr\/en\/wp-json\/wp\/v2\/pages\/3040\/revisions\/3808"}],"up":[{"embeddable":true,"href":"https:\/\/www.mutfakdostlari.org.tr\/en\/wp-json\/wp\/v2\/pages\/3076"}],"wp:attachment":[{"href":"https:\/\/www.mutfakdostlari.org.tr\/en\/wp-json\/wp\/v2\/media?parent=3040"}],"curies":[{"name":"wp","href":"https:\/\/api.w.org\/{rel}","templated":true}]}}